{"id":181,"date":"2020-09-20T17:57:41","date_gmt":"2020-09-20T15:57:41","guid":{"rendered":"http:\/\/www.unamano.cz\/?page_id=181"},"modified":"2021-09-30T13:10:13","modified_gmt":"2021-09-30T11:10:13","slug":"prohlaseni-o-ochrane-osobnich-udaju","status":"publish","type":"page","link":"https:\/\/vestec.cz\/de\/prohlaseni-o-ochrane-osobnich-udaju\/","title":{"rendered":"Cookies"},"content":{"rendered":"<h3>1. die Cookies<\/h3>\n<p align=\"\u201djustify\u201d\">Die Gemeinde Vestec, Vesteck\u00e1 3, 252 50 Vestec, ID-Nr.: 00507644, als Betreiber dieser Website, als f\u00fcr die Verarbeitung personenbezogener Daten Verantwortlicher (im Folgenden \"f\u00fcr die Verarbeitung Verantwortlicher\" genannt) gem\u00e4\u00df Artikel 26 der Verordnung (EU) Nr. 2016\/679 des Europ\u00e4ischen Parlaments und des Rates zum Schutz nat\u00fcrlicher Personen bei der Verarbeitung personenbezogener Daten und zum freien Datenverkehr und zur Aufhebung der Richtlinie 95\/46\/EG (Datenschutz-Grundverordnung) (im Folgenden \"Verordnung\" genannt), verwendet auf dieser Website Cookies f\u00fcr die folgenden Zwecke:<\/p>\n<ul>\n<li>Messung des Website-Verkehrs und Erstellung von Statistiken \u00fcber den Website-Verkehr und das Besucherverhalten;<\/li>\n<li>das Funktionieren der Website.<\/li>\n<\/ul>\n<h3>2. Was sind Cookies?<\/h3>\n<p>Cookies sind kleine Dateien, die auf Ihrem Endger\u00e4t gespeichert werden und bestimmte Einstellungen und Daten speichern, die Sie \u00fcber Ihren Browser mit unserer Website austauschen. Cookies, die zur Messung des Website-Verkehrs und zur Erstellung von Statistiken \u00fcber den Besucherverkehr und das Verhalten auf der Website gesammelt werden, werden massenhaft und in einer pseudonymisierten Form behandelt, die die Identifizierung einer Person nur mit erheblichem und professionellem Aufwand erm\u00f6glicht.<\/p>\n<h3>3. Ist es legal, Cookies zu verwenden?<\/h3>\n<p>Das Sammeln von Cookies zu dem in Absatz 1 genannten Zweck kann unter bestimmten Umst\u00e4nden als Verarbeitung personenbezogener Daten angesehen werden. Eine solche Verarbeitung ist auf der Grundlage eines legitimen Grundes - des berechtigten Interesses des f\u00fcr die Verarbeitung Verantwortlichen - m\u00f6glich und nach Artikel 6 Absatz 1 Buchstabe f der Verordnung zul\u00e4ssig.<\/p>\n<h3>4. Wie kann man die Sammlung von Cookies verhindern?<\/h3>\n<p>Die Website kann auch in einem Modus genutzt werden, der die Erhebung von Daten \u00fcber das Verhalten der Besucher der Website nicht zul\u00e4sst - dieser Modus kann entweder in den Browsereinstellungen festgelegt werden, oder es besteht die M\u00f6glichkeit, einer solchen Erhebung auf der Grundlage des berechtigten Interesses des f\u00fcr die Verarbeitung Verantwortlichen gem\u00e4\u00df Artikel 21 der Verordnung zu widersprechen, indem man sich an die Kontaktadresse podatelna@vestec.cz wendet. Ihr Widerspruch wird dann unverz\u00fcglich, sp\u00e4testens jedoch innerhalb von 30 Tagen nach Eingang, gepr\u00fcft. Cookies, die f\u00fcr die Funktionalit\u00e4t der Website erforderlich sind, werden nur so lange gespeichert, wie es f\u00fcr das Funktionieren der Website notwendig ist. Wenn Sie der Verarbeitung von technischen Cookies, die f\u00fcr das Funktionieren der Website erforderlich sind, widersprechen, kann die volle Funktionalit\u00e4t und Kompatibilit\u00e4t der Website in diesem Fall nicht gew\u00e4hrleistet werden. Sie k\u00f6nnen die Einstellungen \u00e4ndern, um die Sammlung von Cookies zur Verkehrsmessung zu deaktivieren, indem Sie <a href=\"https:\/\/support.google.com\/analytics\/answer\/181881?hl=cs\" target=\"_blank\" rel=\"noopener noreferrer\">hier<\/a>.<\/p>\n<h3>5. Cookies f\u00fcr gezielte Werbung.<\/h3>\n<p>Cookies f\u00fcr die gezielte Werbung k\u00f6nnen auf der Grundlage Ihrer Zustimmung verarbeitet werden, die Sie durch die entsprechenden Browsereinstellungen auf Ihrem Computer erteilen. Sie erteilen Ihre Zustimmung f\u00fcr den Zeitraum, der unten f\u00fcr jedes Marketing-Cookie angegeben ist. Die Zustimmung zur Sammlung von Cookie-Daten f\u00fcr Marketingzwecke kann jederzeit durch \u00c4nderung der Einstellungen des betreffenden Internetbrowsers widerrufen werden.<\/p>\n<h3>6. Aufbewahrungszeit.<\/h3>\n<p>Die Cookies werden f\u00fcr die unten f\u00fcr jeden Cookie-Typ angegebene Zeitdauer gespeichert.<\/p>\n<h3>7. Wem werden Cookies zur Verf\u00fcgung gestellt?<\/h3>\n<p>Die gesammelten Cookies werden von anderen Verarbeitern verarbeitet:<\/p>\n<ul>\n<li>Google Analytics, betrieben von Google Inc. 1600 Amphitheatre Parkway, Mountain View, CA 94043, USA;<\/li>\n<li>Fresh Services, s.r.o., ID-Nr.: 28180208, U Bulhara 1611\/3, 110 00 Prag 1;<\/li>\n<li>Facebook Inc. in Menlo Park, Kalifornien, USA<\/li>\n<li>LinkedIn Corporation, Sunnyvale, USA<\/li>\n<\/ul>\n<p>Die oben genannten Plattformen (Auftragsverarbeiter) handhaben Cookies in \u00dcbereinstimmung mit ihren Gesch\u00e4ftsbedingungen, die insbesondere hier zu finden sind:<\/p>\n<ul>\n<li><a href=\"https:\/\/policies.google.com\/technologies\/cookies?hl=cs\" target=\"_blank\" rel=\"noopener noreferrer\">https:\/\/policies.google.com\/technologies\/cookies?hl=cs<\/a>;<\/li>\n<li><a href=\"https:\/\/policies.google.com\/privacy\/update?hl=cs\" target=\"_blank\" rel=\"noopener noreferrer\">https:\/\/policies.google.com\/privacy\/update?hl=cs<\/a><\/li>\n<li><a href=\"https:\/\/www.facebook.com\/policy.php\" target=\"_blank\" rel=\"noopener noreferrer\">https:\/\/www.facebook.com\/policy.php<\/a><\/li>\n<\/ul>\n<p>&nbsp;<\/p>\n<h3>8. Welche Rechte haben Sie in Bezug auf die Verarbeitung von Cookies?<\/h3>\n<p>Bitte beachten Sie, dass Sie nach der Verordnung das Recht haben,:<\/p>\n<ul>\n<li>von dem f\u00fcr die Verarbeitung Verantwortlichen Auskunft dar\u00fcber zu verlangen, welche personenbezogenen Daten er verarbeitet, oder eine Kopie anzufordern,<\/li>\n<li>bei dem f\u00fcr die Verarbeitung Verantwortlichen Zugang zu den Daten zu beantragen und die Daten aktualisieren oder berichtigen zu lassen oder die Verarbeitung einzuschr\u00e4nken,<\/li>\n<li>von dem f\u00fcr die Verarbeitung Verantwortlichen die L\u00f6schung der personenbezogenen Daten zu verlangen - der f\u00fcr die Verarbeitung Verantwortliche wird die personenbezogenen Daten l\u00f6schen, wenn dies nicht gegen geltendes Recht und die berechtigten Interessen des f\u00fcr die Verarbeitung Verantwortlichen verst\u00f6\u00dft,<\/li>\n<li>im Falle der Verarbeitung personenbezogener Daten auf der Grundlage einer Einwilligung die \u00dcbermittlung dieser Daten zu verlangen,<\/li>\n<li>der Verarbeitung personenbezogener Daten zu widersprechen, wenn es sich um statistische Cookies oder Cookies handelt, die f\u00fcr das Funktionieren der Website erforderlich sind,<\/li>\n<li>das Recht, die Einwilligung in die Verarbeitung von Cookies zu widerrufen, indem Sie Ihre Browsereinstellungen \u00e4ndern,<\/li>\n<li>im Falle von Zweifeln an der Einhaltung der Verpflichtungen im Zusammenhang mit der Verarbeitung personenbezogener Daten den f\u00fcr die Verarbeitung Verantwortlichen oder das Amt f\u00fcr den Schutz personenbezogener Daten kontaktieren.<\/li>\n<\/ul>\n<h3>9. gesammelte Cookies<\/h3>\n<p>Der Administrator sammelt die folgenden Cookies auf seiner Website:<\/p>\n<table>\n<tbody>\n<tr>\n<th>Typ<\/th>\n<th>Name<\/th>\n<th>Zweck<\/th>\n<th>Verfallsdatum<\/th>\n<\/tr>\n<tr>\n<td>Erforderlich<\/td>\n<td>_vesteccz_session<\/td>\n<td>Beh\u00e4lt den Benutzerstatus bei, wenn Seiten angefordert werden.<\/td>\n<td>Sitzung<\/td>\n<\/tr>\n<tr>\n<td>Statistische Daten<\/td>\n<td>_ga<\/td>\n<td>Registriert eine eindeutige Identifikationsnummer, die verwendet wird, um statistische Daten \u00fcber die Nutzung der Website durch den Nutzer zu erstellen.<\/td>\n<td>2 Jahre<\/td>\n<\/tr>\n<tr>\n<td>Statistische Daten<\/td>\n<td>_gat<\/td>\n<td>Wird mit Google Analytics verwendet, um die Geschwindigkeit der Anfragen zu kontrollieren.<\/td>\n<td>Sitzung<\/td>\n<\/tr>\n<tr>\n<td>Statistische Daten<\/td>\n<td>_gid<\/td>\n<td>Registriert eine eindeutige Identifikationsnummer, die verwendet wird, um statistische Daten \u00fcber die Nutzung der Website durch den Nutzer zu erstellen.<\/td>\n<td>Sitzung<\/td>\n<\/tr>\n<tr>\n<td>Marketing<\/td>\n<td>ads\/ga-audiences<\/td>\n<td>Sie verwendet Google Adwords f\u00fcr gezielte Anzeigen.<\/td>\n<td>Sitzung<\/td>\n<\/tr>\n<tr>\n<td><\/td>\n<td><\/td>\n<td><\/td>\n<td><\/td>\n<\/tr>\n<\/tbody>\n<\/table>","protected":false},"excerpt":{"rendered":"<p>1. die Cookies der Gemeinde Vestec, Vesteck\u00e1 3, 252 50 Vestec, ID: 00507644 als Betreiber dieser Website<\/p>","protected":false},"author":2,"featured_media":0,"parent":0,"menu_order":0,"comment_status":"closed","ping_status":"closed","template":"page-templates\/text_page.php","meta":[],"acf":[],"_links":{"self":[{"href":"https:\/\/vestec.cz\/de\/wp-json\/wp\/v2\/pages\/181"}],"collection":[{"href":"https:\/\/vestec.cz\/de\/wp-json\/wp\/v2\/pages"}],"about":[{"href":"https:\/\/vestec.cz\/de\/wp-json\/wp\/v2\/types\/page"}],"author":[{"embeddable":true,"href":"https:\/\/vestec.cz\/de\/wp-json\/wp\/v2\/users\/2"}],"replies":[{"embeddable":true,"href":"https:\/\/vestec.cz\/de\/wp-json\/wp\/v2\/comments?post=181"}],"version-history":[{"count":5,"href":"https:\/\/vestec.cz\/de\/wp-json\/wp\/v2\/pages\/181\/revisions"}],"predecessor-version":[{"id":31786,"href":"https:\/\/vestec.cz\/de\/wp-json\/wp\/v2\/pages\/181\/revisions\/31786"}],"wp:attachment":[{"href":"https:\/\/vestec.cz\/de\/wp-json\/wp\/v2\/media?parent=181"}],"curies":[{"name":"wp","href":"https:\/\/api.w.org\/{rel}","templated":true}]}}