{"id":26949,"date":"2021-05-03T13:08:20","date_gmt":"2021-05-03T11:08:20","guid":{"rendered":"http:\/\/www.vestec.cz.uvirt131.active24.cz\/?page_id=26949"},"modified":"2021-05-03T13:08:20","modified_gmt":"2021-05-03T11:08:20","slug":"poslanec-vaclav-mikulas-historie","status":"publish","type":"page","link":"https:\/\/vestec.cz\/de\/obec-vestec\/o-obci\/historie\/poslanec-vaclav-mikulas-historie\/","title":{"rendered":"Abgeordneter V\u00e1clav Mikul\u00e1\u0161 - Geschichte"},"content":{"rendered":"","protected":false},"excerpt":{"rendered":"","protected":false},"author":5,"featured_media":0,"parent":25156,"menu_order":0,"comment_status":"closed","ping_status":"closed","template":"page-templates\/sections_page.php","meta":[],"acf":[],"_links":{"self":[{"href":"https:\/\/vestec.cz\/de\/wp-json\/wp\/v2\/pages\/26949"}],"collection":[{"href":"https:\/\/vestec.cz\/de\/wp-json\/wp\/v2\/pages"}],"about":[{"href":"https:\/\/vestec.cz\/de\/wp-json\/wp\/v2\/types\/page"}],"author":[{"embeddable":true,"href":"https:\/\/vestec.cz\/de\/wp-json\/wp\/v2\/users\/5"}],"replies":[{"embeddable":true,"href":"https:\/\/vestec.cz\/de\/wp-json\/wp\/v2\/comments?post=26949"}],"version-history":[{"count":1,"href":"https:\/\/vestec.cz\/de\/wp-json\/wp\/v2\/pages\/26949\/revisions"}],"predecessor-version":[{"id":26950,"href":"https:\/\/vestec.cz\/de\/wp-json\/wp\/v2\/pages\/26949\/revisions\/26950"}],"up":[{"embeddable":true,"href":"https:\/\/vestec.cz\/de\/wp-json\/wp\/v2\/pages\/25156"}],"wp:attachment":[{"href":"https:\/\/vestec.cz\/de\/wp-json\/wp\/v2\/media?parent=26949"}],"curies":[{"name":"wp","href":"https:\/\/api.w.org\/{rel}","templated":true}]}}