{"id":29071,"date":"2021-07-27T14:28:30","date_gmt":"2021-07-27T12:28:30","guid":{"rendered":"http:\/\/www.vestec.cz.uvirt131.active24.cz\/?page_id=29071"},"modified":"2024-11-05T09:04:02","modified_gmt":"2024-11-05T08:04:02","slug":"matrika","status":"publish","type":"page","link":"https:\/\/vestec.cz\/de\/zivotni-situace\/matrika\/","title":{"rendered":"Matrix"},"content":{"rendered":"<h5>Heirat, \u00c4nderung des Vor- oder Nachnamens, Geburt eines Kindes, Aufnahme von B\u00fcrgern, Tod. Das Personenstandsregister f\u00fcr die Gemeinde Vestec wird gef\u00fchrt von <a href=\"https:\/\/www.mujesenice.cz\/matrika\/ds-1205\/archiv=1&amp;p1=1174\">Standesamt<\/a> Gemeindeamt in Jesenice.<\/h5>\n<p>&nbsp;<\/p>","protected":false},"excerpt":{"rendered":"<p>Heirat, \u00c4nderung des Vor- oder Nachnamens, Geburt eines Kindes, Aufnahme von B\u00fcrgern, Tod. Standesamt der Gemeinde Vestec<\/p>","protected":false},"author":11,"featured_media":0,"parent":484,"menu_order":0,"comment_status":"closed","ping_status":"closed","template":"page-templates\/sections_page.php","meta":[],"acf":[],"_links":{"self":[{"href":"https:\/\/vestec.cz\/de\/wp-json\/wp\/v2\/pages\/29071"}],"collection":[{"href":"https:\/\/vestec.cz\/de\/wp-json\/wp\/v2\/pages"}],"about":[{"href":"https:\/\/vestec.cz\/de\/wp-json\/wp\/v2\/types\/page"}],"author":[{"embeddable":true,"href":"https:\/\/vestec.cz\/de\/wp-json\/wp\/v2\/users\/11"}],"replies":[{"embeddable":true,"href":"https:\/\/vestec.cz\/de\/wp-json\/wp\/v2\/comments?post=29071"}],"version-history":[{"count":20,"href":"https:\/\/vestec.cz\/de\/wp-json\/wp\/v2\/pages\/29071\/revisions"}],"predecessor-version":[{"id":38432,"href":"https:\/\/vestec.cz\/de\/wp-json\/wp\/v2\/pages\/29071\/revisions\/38432"}],"up":[{"embeddable":true,"href":"https:\/\/vestec.cz\/de\/wp-json\/wp\/v2\/pages\/484"}],"wp:attachment":[{"href":"https:\/\/vestec.cz\/de\/wp-json\/wp\/v2\/media?parent=29071"}],"curies":[{"name":"wp","href":"https:\/\/api.w.org\/{rel}","templated":true}]}}