{"id":29296,"date":"2021-08-15T22:59:56","date_gmt":"2021-08-15T20:59:56","guid":{"rendered":"http:\/\/www.vestec.cz.uvirt131.active24.cz\/?page_id=29296"},"modified":"2022-11-23T22:27:35","modified_gmt":"2022-11-23T21:27:35","slug":"komise-a-vybory","status":"publish","type":"page","link":"https:\/\/vestec.cz\/de\/kontakty\/komise-a-vybory\/","title":{"rendered":"Kommissionen und Aussch\u00fcsse"},"content":{"rendered":"<p>Die T\u00e4tigkeiten der Gemeinde werden vom Rechnungspr\u00fcfungsausschuss und vom Finanzausschuss \u00fcberwacht. Verschiedene Bereiche des \u00f6ffentlichen Lebens werden von den eingerichteten Kommissionen behandelt - die Umweltkommission, die Redaktionskommission, die Arbeitsgruppe der Kulturkommission.<\/p>","protected":false},"excerpt":{"rendered":"<p>Die T\u00e4tigkeit der Gemeinde wird durch den Rechnungspr\u00fcfungsausschuss und den Finanzausschuss \u00fcberwacht. Die verschiedenen Bereiche des \u00f6ffentlichen Lebens werden von den etablierten<\/p>","protected":false},"author":11,"featured_media":0,"parent":490,"menu_order":0,"comment_status":"closed","ping_status":"closed","template":"page-templates\/sections_page.php","meta":[],"acf":[],"_links":{"self":[{"href":"https:\/\/vestec.cz\/de\/wp-json\/wp\/v2\/pages\/29296"}],"collection":[{"href":"https:\/\/vestec.cz\/de\/wp-json\/wp\/v2\/pages"}],"about":[{"href":"https:\/\/vestec.cz\/de\/wp-json\/wp\/v2\/types\/page"}],"author":[{"embeddable":true,"href":"https:\/\/vestec.cz\/de\/wp-json\/wp\/v2\/users\/11"}],"replies":[{"embeddable":true,"href":"https:\/\/vestec.cz\/de\/wp-json\/wp\/v2\/comments?post=29296"}],"version-history":[{"count":9,"href":"https:\/\/vestec.cz\/de\/wp-json\/wp\/v2\/pages\/29296\/revisions"}],"predecessor-version":[{"id":34546,"href":"https:\/\/vestec.cz\/de\/wp-json\/wp\/v2\/pages\/29296\/revisions\/34546"}],"up":[{"embeddable":true,"href":"https:\/\/vestec.cz\/de\/wp-json\/wp\/v2\/pages\/490"}],"wp:attachment":[{"href":"https:\/\/vestec.cz\/de\/wp-json\/wp\/v2\/media?parent=29296"}],"curies":[{"name":"wp","href":"https:\/\/api.w.org\/{rel}","templated":true}]}}