{"id":33293,"date":"2022-04-17T23:12:51","date_gmt":"2022-04-17T21:12:51","guid":{"rendered":"http:\/\/www.vestec.cz.uvirt131.active24.cz\/?page_id=33293"},"modified":"2025-07-09T17:08:03","modified_gmt":"2025-07-09T15:08:03","slug":"zelena-pater","status":"publish","type":"page","link":"https:\/\/vestec.cz\/de\/uzemni-plan\/zelena-pater\/","title":{"rendered":"Das gr\u00fcne R\u00fcckgrat von Vestec"},"content":{"rendered":"<p>Die Landschaft von Vestec ist in erster Linie eine einzigartige Landschaft. Die Landschaft jeder Siedlung ist einzigartig und unwiederholbar, und das gilt auch f\u00fcr das Dorf Vestec. Es gibt Orte von gro\u00dfem Wert, interessante Orte, besch\u00e4digte Gebiete und Landschaften, die als gew\u00f6hnlich oder allt\u00e4glich bezeichnet werden. Was die Landschaft von Vestec so besonders macht, ist die Tatsache, dass sie an der Grenze zum Gro\u00dfraum Prag liegt und der Druck der gro\u00dfst\u00e4dtischen Entwicklung auf das Gebiet der Gemeinde enorm ist. Gleichzeitig erm\u00f6glicht die N\u00e4he zur Gro\u00dfstadt den Einwohnern von Vestec, die Vorz\u00fcge Prags zu nutzen: zahlreiche Besch\u00e4ftigungsm\u00f6glichkeiten, besserer Zugang zum Bildungswesen, kulturelle Aktivit\u00e4ten. Die Einwohner von Vestec k\u00f6nnen weiterhin in ihren H\u00e4usern und G\u00e4rten mit d\u00f6rflichem Charakter leben. Es gibt einen gro\u00dfen Unterschied zwischen den Bewohnern von Vestec und den Bewohnern der echten und weiter entfernten Landschaft: Die Einheimischen sind sich des Hineinwachsens ihres Dorfes in den Organismus der Gro\u00dfstadt und seines Verschmelzens mit ihr, des unumkehrbaren Verschwindens der urspr\u00fcnglichen Landschaft bewusst und m\u00f6chten das, was \u00fcbrig geblieben ist, erhalten und intensiv nutzen. Es ist ihre Heimat.<br \/>\nDer Wunsch, Fragmente der urspr\u00fcnglichen Landschaft zu erhalten, den Schutz dieses Gebietes im Fl\u00e4chennutzungsplan und in der Gesetzgebung zu verankern, die M\u00f6glichkeit, in der Landschaft zu leben, ist der Hauptgrund f\u00fcr die Beauftragung dieser Studie, die Landschaftsplan genannt wird, zu einer Zeit, in der die Erstellung eines Landschaftsplans kein obligatorischer Bestandteil der Fl\u00e4chennutzungsunterlagen ist und die Methodik des Landschaftspflegekonzepts im Sinne des Wortlauts des Baugesetzes noch nicht klar ist.<br \/>\nDie Erstellung dieser Studie ist der n\u00e4chste Teil der Arbeit, die wir zur Wiederherstellung der Landschaft leisten m\u00fcssen. Wir stehen erst am Anfang dieser Reise. Sie ist auch eine Fortsetzung der Arbeit, die bereits geleistet wurde. Sie zeigt weitere Wege auf, um die Landschaft zu verbessern, in der wir leben und in der unsere Kinder leben werden.<\/p>","protected":false},"excerpt":{"rendered":"<p>Die Landschaft von Vestec ist in erster Linie eine einzigartige Landschaft. Die Landschaft einer jeden Siedlung ist einzigartig und<\/p>","protected":false},"author":11,"featured_media":33294,"parent":482,"menu_order":0,"comment_status":"closed","ping_status":"closed","template":"page-templates\/sections_page.php","meta":[],"acf":[],"_links":{"self":[{"href":"https:\/\/vestec.cz\/de\/wp-json\/wp\/v2\/pages\/33293"}],"collection":[{"href":"https:\/\/vestec.cz\/de\/wp-json\/wp\/v2\/pages"}],"about":[{"href":"https:\/\/vestec.cz\/de\/wp-json\/wp\/v2\/types\/page"}],"author":[{"embeddable":true,"href":"https:\/\/vestec.cz\/de\/wp-json\/wp\/v2\/users\/11"}],"replies":[{"embeddable":true,"href":"https:\/\/vestec.cz\/de\/wp-json\/wp\/v2\/comments?post=33293"}],"version-history":[{"count":21,"href":"https:\/\/vestec.cz\/de\/wp-json\/wp\/v2\/pages\/33293\/revisions"}],"predecessor-version":[{"id":39716,"href":"https:\/\/vestec.cz\/de\/wp-json\/wp\/v2\/pages\/33293\/revisions\/39716"}],"up":[{"embeddable":true,"href":"https:\/\/vestec.cz\/de\/wp-json\/wp\/v2\/pages\/482"}],"wp:featuredmedia":[{"embeddable":true,"href":"https:\/\/vestec.cz\/de\/wp-json\/wp\/v2\/media\/33294"}],"wp:attachment":[{"href":"https:\/\/vestec.cz\/de\/wp-json\/wp\/v2\/media?parent=33293"}],"curies":[{"name":"wp","href":"https:\/\/api.w.org\/{rel}","templated":true}]}}