{"id":33520,"date":"2022-05-04T21:22:41","date_gmt":"2022-05-04T19:22:41","guid":{"rendered":"http:\/\/www.vestec.cz.uvirt131.active24.cz\/?page_id=33520"},"modified":"2023-07-03T10:41:39","modified_gmt":"2023-07-03T08:41:39","slug":"pomoc-ukrajine","status":"publish","type":"page","link":"https:\/\/vestec.cz\/de\/zivotni-situace\/pomoc-ukrajine\/","title":{"rendered":"Hilfe f\u00fcr die Ukraine"},"content":{"rendered":"<p>F\u00fcr die Zeit ab dem 1. Juli 2023 ist eine \u00c4nderung der humanit\u00e4ren Leistungen in Vorbereitung. Die H\u00f6he der humanit\u00e4ren Leistung wird sich \u00e4ndern. Es wird eine neue Unterscheidung zwischen schutzbed\u00fcrftigen und nicht schutzbed\u00fcrftigen Personen getroffen.<\/p>\n<p>Die humanit\u00e4re Leistung (HuD) wird als Lebenshaltungs- und Wohngeld neu konzipiert. Alle Eink\u00fcnfte und etwaige Ersparnisse werden ber\u00fccksichtigt. Wie \u00e4hnliche Leistungen f\u00fcr tschechische B\u00fcrger wird sie sich am Existenzminimum orientieren. Bed\u00fcrftige Personen werden eine h\u00f6here Leistung erhalten.<\/p>","protected":false},"excerpt":{"rendered":"<p>F\u00fcr die Zeit ab dem 1. Juli 2023 ist eine \u00c4nderung der humanit\u00e4ren Leistungen in Vorbereitung. Die H\u00f6he der humanit\u00e4ren Leistung wird sich \u00e4ndern.<\/p>","protected":false},"author":11,"featured_media":33002,"parent":484,"menu_order":0,"comment_status":"closed","ping_status":"closed","template":"page-templates\/sections_page.php","meta":[],"acf":[],"_links":{"self":[{"href":"https:\/\/vestec.cz\/de\/wp-json\/wp\/v2\/pages\/33520"}],"collection":[{"href":"https:\/\/vestec.cz\/de\/wp-json\/wp\/v2\/pages"}],"about":[{"href":"https:\/\/vestec.cz\/de\/wp-json\/wp\/v2\/types\/page"}],"author":[{"embeddable":true,"href":"https:\/\/vestec.cz\/de\/wp-json\/wp\/v2\/users\/11"}],"replies":[{"embeddable":true,"href":"https:\/\/vestec.cz\/de\/wp-json\/wp\/v2\/comments?post=33520"}],"version-history":[{"count":16,"href":"https:\/\/vestec.cz\/de\/wp-json\/wp\/v2\/pages\/33520\/revisions"}],"predecessor-version":[{"id":35782,"href":"https:\/\/vestec.cz\/de\/wp-json\/wp\/v2\/pages\/33520\/revisions\/35782"}],"up":[{"embeddable":true,"href":"https:\/\/vestec.cz\/de\/wp-json\/wp\/v2\/pages\/484"}],"wp:featuredmedia":[{"embeddable":true,"href":"https:\/\/vestec.cz\/de\/wp-json\/wp\/v2\/media\/33002"}],"wp:attachment":[{"href":"https:\/\/vestec.cz\/de\/wp-json\/wp\/v2\/media?parent=33520"}],"curies":[{"name":"wp","href":"https:\/\/api.w.org\/{rel}","templated":true}]}}