{"id":35987,"date":"2023-09-06T16:57:11","date_gmt":"2023-09-06T14:57:11","guid":{"rendered":"https:\/\/vestec.cz\/?page_id=35987"},"modified":"2024-07-22T14:12:06","modified_gmt":"2024-07-22T12:12:06","slug":"griloviste","status":"publish","type":"page","link":"https:\/\/vestec.cz\/de\/obec-vestec\/volny-cas\/griloviste\/","title":{"rendered":"\u00d6ffentliche Grillpl\u00e4tze"},"content":{"rendered":"<p><strong>M\u00f6glichkeiten der Nutzung von Grillpl\u00e4tzen auf \u00f6ffentlichen Fl\u00e4chen in der Gemeinde Vestec<\/strong><\/p>\n<p>In unserem Dorf gibt es insgesamt drei \u00f6ffentliche Grillpl\u00e4tze:<\/p>\n<ul>\n<li>Auf der Wiese am Teich<\/li>\n<li>An der Prinz-Philipp-Allee am R\u00fcckhaltebecken<\/li>\n<li>Beim BIOCEV<\/li>\n<\/ul>\n<p><em><u>(Siehe beigef\u00fcgte Karte mit markierten Punkten)<\/u><\/em><\/p>\n<p>Eine Reservierung des Grillplatzes f\u00fcr private Veranstaltungen ist nicht m\u00f6glich. Stellen Sie daher keine Schilder mit einer Reservierung f\u00fcr ein bestimmtes Datum am Grillplatz auf. Diese Schilder werden wieder entfernt.<\/p>\n<p>Das vorrangige Recht zur Nutzung des Grillplatzes gilt nur f\u00fcr Veranstaltungen, die von der Gemeinde Vestec organisiert werden, sowie f\u00fcr Veranstaltungen, die von der Gemeindeverwaltung Vestec ordnungsgem\u00e4\u00df genehmigt wurden und bei denen die Organisatoren die Geb\u00fchr f\u00fcr die Nutzung des \u00f6ffentlichen Raums entrichten (z.B. Hochzeiten).<\/p>\n<p><a href=\"https:\/\/vestec.cz\/de\/udalosti\/\">https:\/\/vestec.cz\/udalosti\/<\/a><\/p>\n<p>Wenn Sie einen \u00f6ffentlichen Grillplatz benutzen, r\u00e4umen Sie hinterher auf und werfen Sie die Abf\u00e4lle in die daf\u00fcr vorgesehenen Beh\u00e4lter.<\/p>\n<p>Die allgemein verbindlichen Verordnungen der Gemeinde Vestec zu beachten, insbesondere in Bezug auf die Regelung der Verwendung von Feuerwerksk\u00f6rpern, die Aufrechterhaltung der Sauberkeit \u00f6ffentlicher Pl\u00e4tze im Zusammenhang mit der Haltung von Hunden, die Nachtruhe oder die Regelung l\u00e4rmintensiver T\u00e4tigkeiten.<\/p>\n<p><a href=\"https:\/\/vestec.cz\/de\/dokumenty\/vyhlasky-a-narizeni\/\">https:\/\/vestec.cz\/dokumenty\/vyhlasky-a-narizeni\/<\/a><\/p>\n<p>Wir danken Ihnen f\u00fcr die Aufrechterhaltung von Sauberkeit und Ordnung.<\/p>","protected":false},"excerpt":{"rendered":"<p>M\u00f6glichkeiten der Nutzung von Grillpl\u00e4tzen im \u00f6ffentlichen Raum in der Gemeinde Vestec In unserer Gemeinde stehen den B\u00fcrgern drei Grillpl\u00e4tze zur Verf\u00fcgung<\/p>","protected":false},"author":11,"featured_media":0,"parent":639,"menu_order":0,"comment_status":"closed","ping_status":"closed","template":"page-templates\/sections_page.php","meta":[],"acf":[],"_links":{"self":[{"href":"https:\/\/vestec.cz\/de\/wp-json\/wp\/v2\/pages\/35987"}],"collection":[{"href":"https:\/\/vestec.cz\/de\/wp-json\/wp\/v2\/pages"}],"about":[{"href":"https:\/\/vestec.cz\/de\/wp-json\/wp\/v2\/types\/page"}],"author":[{"embeddable":true,"href":"https:\/\/vestec.cz\/de\/wp-json\/wp\/v2\/users\/11"}],"replies":[{"embeddable":true,"href":"https:\/\/vestec.cz\/de\/wp-json\/wp\/v2\/comments?post=35987"}],"version-history":[{"count":13,"href":"https:\/\/vestec.cz\/de\/wp-json\/wp\/v2\/pages\/35987\/revisions"}],"predecessor-version":[{"id":37883,"href":"https:\/\/vestec.cz\/de\/wp-json\/wp\/v2\/pages\/35987\/revisions\/37883"}],"up":[{"embeddable":true,"href":"https:\/\/vestec.cz\/de\/wp-json\/wp\/v2\/pages\/639"}],"wp:attachment":[{"href":"https:\/\/vestec.cz\/de\/wp-json\/wp\/v2\/media?parent=35987"}],"curies":[{"name":"wp","href":"https:\/\/api.w.org\/{rel}","templated":true}]}}