{"id":36704,"date":"2024-01-09T11:35:52","date_gmt":"2024-01-09T10:35:52","guid":{"rendered":"https:\/\/vestec.cz\/?page_id=36704"},"modified":"2026-04-13T16:43:45","modified_gmt":"2026-04-13T14:43:45","slug":"zahrada","status":"publish","type":"page","link":"https:\/\/vestec.cz\/de\/zahrada\/","title":{"rendered":"Gemeinschaftsgarten"},"content":{"rendered":"<h2><strong>Vestec Gemeinschaftsgarten<\/strong><\/h2>\n<h4><em>Wir haben einen Probelauf gestartet! Gleichzeitig er\u00f6ffnen wir die 2. Runde f\u00fcr Mitgliedsantr\u00e4ge.<\/em><\/h4>\n<p><em>Im ersten Jahr des Gartenbetriebs findet ein Probebetrieb statt, der dann von der Gemeinde ausgewertet wird, und die Bedingungen f\u00fcr den Betrieb des Gartens (Betriebsordnung, Preisliste usw.) k\u00f6nnen f\u00fcr den n\u00e4chsten Zeitraum angepasst werden.<\/em><\/p>\n<h3>M\u00f6chten Sie den Anbau von essbaren Pflanzen ausprobieren, haben aber selbst nicht den n\u00f6tigen Platz? Sind Sie Anf\u00e4nger im Anbau von Nutzpflanzen, oder sind Sie ein erfahrener Anbauer und m\u00f6chten Ihren Erfolg mit anderen teilen? M\u00f6chten Sie am Aufbau einer Nachbarschaftsgemeinschaft in einem gemeinsamen Garten teilnehmen? Dann ist der neue Vestec-Gemeinschaftsgarten genau das Richtige f\u00fcr Sie.<\/h3>\n<p>&nbsp;<\/p>","protected":false},"excerpt":{"rendered":"<p>Vestec Community Garden Wir haben einen Probelauf gestartet! Gleichzeitig er\u00f6ffnen wir die 2. Runde der Bewerbungen f\u00fcr<\/p>","protected":false},"author":11,"featured_media":41446,"parent":0,"menu_order":0,"comment_status":"closed","ping_status":"closed","template":"page-templates\/sections_page.php","meta":[],"acf":[],"_links":{"self":[{"href":"https:\/\/vestec.cz\/de\/wp-json\/wp\/v2\/pages\/36704"}],"collection":[{"href":"https:\/\/vestec.cz\/de\/wp-json\/wp\/v2\/pages"}],"about":[{"href":"https:\/\/vestec.cz\/de\/wp-json\/wp\/v2\/types\/page"}],"author":[{"embeddable":true,"href":"https:\/\/vestec.cz\/de\/wp-json\/wp\/v2\/users\/11"}],"replies":[{"embeddable":true,"href":"https:\/\/vestec.cz\/de\/wp-json\/wp\/v2\/comments?post=36704"}],"version-history":[{"count":73,"href":"https:\/\/vestec.cz\/de\/wp-json\/wp\/v2\/pages\/36704\/revisions"}],"predecessor-version":[{"id":41864,"href":"https:\/\/vestec.cz\/de\/wp-json\/wp\/v2\/pages\/36704\/revisions\/41864"}],"wp:featuredmedia":[{"embeddable":true,"href":"https:\/\/vestec.cz\/de\/wp-json\/wp\/v2\/media\/41446"}],"wp:attachment":[{"href":"https:\/\/vestec.cz\/de\/wp-json\/wp\/v2\/media?parent=36704"}],"curies":[{"name":"wp","href":"https:\/\/api.w.org\/{rel}","templated":true}]}}